{"id":52,"date":"2022-08-22T05:23:43","date_gmt":"2022-08-22T05:23:43","guid":{"rendered":"http:\/\/themazine.com\/mr\/solapawp\/?page_id=52"},"modified":"2023-05-23T09:18:18","modified_gmt":"2023-05-23T09:18:18","slug":"contact","status":"publish","type":"page","link":"https:\/\/nortegas.pt\/new\/contact\/","title":{"rendered":"Contactos"},"content":{"rendered":"\t\t<div data-elementor-type=\"wp-page\" data-elementor-id=\"52\" class=\"elementor elementor-52\">\n\t\t\t\t\t\t<section class=\"elementor-section elementor-top-section elementor-element elementor-element-63ff05d elementor-section-full_width elementor-section-height-default elementor-section-height-default\" data-id=\"63ff05d\" data-element_type=\"section\">\n\t\t\t\t\t\t<div class=\"elementor-container elementor-column-gap-no\">\n\t\t\t\t\t<div class=\"elementor-column elementor-col-100 elementor-top-column elementor-element elementor-element-35a813e\" data-id=\"35a813e\" data-element_type=\"column\">\n\t\t\t<div class=\"elementor-widget-wrap elementor-element-populated\">\n\t\t\t\t\t\t<div class=\"elementor-element elementor-element-e66780e elementor-widget elementor-widget-solapa-contact-form\" data-id=\"e66780e\" data-element_type=\"widget\" data-widget_type=\"solapa-contact-form.default\">\n\t\t\t\t<div class=\"elementor-widget-container\">\n\t\t\t    <!-- Contact One -->\r\n    <section class=\"contact-one\">\r\n        <div class=\"container\">\r\n            <div class=\"row clearfix\">\r\n                <div class=\"col-lg-4 col-md-12 col-sm-12\">\r\n                                            <h2 class=\"contact-one__title\">Pergunte ou partilhe a sua mensagem connosco. Estamos aqui para o ajudar<\/h2>\r\n                                                                <div class=\"contact-one__text\">Temos \u00e0 sua disposi\u00e7\u00e3o o telefone, email, ou se preferir envie-nos uma mensagem.<\/div>\r\n                                                                <ul class=\"contact-one__info\">\r\n                                                            <li>\r\n                                    <span aria-hidden=\"true\" class=\" icon  icon-location\"><\/span>                                    Endere\u00e7o                                    <p>Rua Joaquim Silva Santos Rocha, n\u00ba 17.\n4460-340 Senhora da hora<\/p>\r\n                                <\/li>\r\n                                                            <li>\r\n                                    <span aria-hidden=\"true\" class=\" icon   icon-phone\"><\/span>                                    Telefone                                    <p>+351 229 545 504 <br>+351 934 404 011<\/p>\r\n                                <\/li>\r\n                                                            <li>\r\n                                    <span aria-hidden=\"true\" class=\" icon   icon-email\"><\/span>                                    Email Address                                    <p>geral@nortegas.pt <br> dep.comercial@nortegas.pt<\/p>\r\n                                <\/li>\r\n                                                    <\/ul>\r\n                                    <\/div>\r\n                <div class=\"col-lg-8 col-md-12 col-sm-12\">\r\n                    <div class=\"contact-one__form-box\">\r\n                                                    <h2 class=\"contact-one__title-two\">Envie-nos uma mensagem<\/h2>\r\n                                                                            <div class=\"contact-one__text-two\">O seu contacto \u00e9 importante para n\u00f3s!<\/div>\r\n                                                <!-- Contact Form -->\r\n                        <div class=\"contact-form\">\r\n                            <div class=\"wpcf7 no-js\" id=\"wpcf7-f490-o1\" lang=\"en-US\" dir=\"ltr\">\n<div class=\"screen-reader-response\"><p role=\"status\" aria-live=\"polite\" aria-atomic=\"true\"><\/p> <ul><\/ul><\/div>\n<form action=\"\/new\/wp-json\/wp\/v2\/pages\/52#wpcf7-f490-o1\" method=\"post\" class=\"wpcf7-form init\" aria-label=\"Contact form\" novalidate=\"novalidate\" data-status=\"init\">\n<div style=\"display: none;\">\n<input type=\"hidden\" name=\"_wpcf7\" value=\"490\" \/>\n<input type=\"hidden\" name=\"_wpcf7_version\" value=\"5.9.2\" \/>\n<input type=\"hidden\" name=\"_wpcf7_locale\" value=\"en_US\" \/>\n<input type=\"hidden\" name=\"_wpcf7_unit_tag\" value=\"wpcf7-f490-o1\" \/>\n<input type=\"hidden\" name=\"_wpcf7_container_post\" value=\"0\" \/>\n<input type=\"hidden\" name=\"_wpcf7_posted_data_hash\" value=\"\" \/>\n<\/div>\n<div class=\"row clearfix\">\n        <div class=\"form-group col-lg-6 col-md-6 col-sm-12\"><span class=\"wpcf7-form-control-wrap\" data-name=\"text-436\"><input size=\"40\" class=\"wpcf7-form-control wpcf7-text wpcf7-validates-as-required\" aria-required=\"true\" aria-invalid=\"false\" placeholder=\"Full Name\" value=\"\" type=\"text\" name=\"text-436\" \/><\/span>\n        <\/div>\n        <div class=\"form-group col-lg-6 col-md-6 col-sm-12\"><span class=\"wpcf7-form-control-wrap\" data-name=\"email-556\"><input size=\"40\" class=\"wpcf7-form-control wpcf7-email wpcf7-validates-as-required wpcf7-text wpcf7-validates-as-email\" aria-required=\"true\" aria-invalid=\"false\" placeholder=\"Email Address\" value=\"\" type=\"email\" name=\"email-556\" \/><\/span><\/div>\n        <div class=\"form-group col-lg-6 col-md-6 col-sm-12\"><span class=\"wpcf7-form-control-wrap\" data-name=\"text-436\"><input size=\"40\" class=\"wpcf7-form-control wpcf7-text wpcf7-validates-as-required\" aria-required=\"true\" aria-invalid=\"false\" placeholder=\"Phone\" value=\"\" type=\"text\" name=\"text-436\" \/><\/span><\/div>\n        <div class=\"form-group col-lg-6 col-md-6 col-sm-12\"><span class=\"wpcf7-form-control-wrap\" data-name=\"Subject\"><input size=\"40\" class=\"wpcf7-form-control wpcf7-text wpcf7-validates-as-required\" aria-required=\"true\" aria-invalid=\"false\" placeholder=\"Subject\" value=\"\" type=\"text\" name=\"Subject\" \/><\/span><\/div>\n        <div class=\"form-group\"><span class=\"wpcf7-form-control-wrap\" data-name=\"textarea-552\"><textarea cols=\"40\" rows=\"10\" class=\"wpcf7-form-control wpcf7-textarea wpcf7-validates-as-required\" aria-required=\"true\" aria-invalid=\"false\" placeholder=\"Your Message Here\" name=\"textarea-552\"><\/textarea><\/span><\/div>\n        <div class=\"form-group\">\n            <button type=\"submit\" class=\"theme-btn btn-style-two\"><span class=\"txt\">Send\n                    Message<\/span><\/button>\n        <\/div>\n<\/div><p style=\"display: none !important;\" class=\"akismet-fields-container\" data-prefix=\"_wpcf7_ak_\"><label>&#916;<textarea name=\"_wpcf7_ak_hp_textarea\" cols=\"45\" rows=\"8\" maxlength=\"100\"><\/textarea><\/label><input type=\"hidden\" id=\"ak_js_1\" name=\"_wpcf7_ak_js\" value=\"143\"\/><script>document.getElementById( \"ak_js_1\" ).setAttribute( \"value\", ( new Date() ).getTime() );<\/script><\/p><div class=\"wpcf7-response-output\" aria-hidden=\"true\"><\/div>\n<\/form>\n<\/div>                        <\/div>\r\n                    <\/div>\r\n                <\/div>\r\n            <\/div>\r\n        <\/div>\r\n    <\/section>\r\n    <!-- End Contact One -->\r\n\r\n\t\t<\/div>\n\t\t\t\t<\/div>\n\t\t\t\t\t<\/div>\n\t\t<\/div>\n\t\t\t\t\t<\/div>\n\t\t<\/section>\n\t\t\t\t<section class=\"elementor-section elementor-top-section elementor-element elementor-element-645cf47 elementor-section-full_width elementor-section-height-default elementor-section-height-default\" data-id=\"645cf47\" data-element_type=\"section\">\n\t\t\t\t\t\t<div class=\"elementor-container elementor-column-gap-no\">\n\t\t\t\t\t<div class=\"elementor-column elementor-col-100 elementor-top-column elementor-element elementor-element-cb44d48\" data-id=\"cb44d48\" data-element_type=\"column\">\n\t\t\t<div class=\"elementor-widget-wrap elementor-element-populated\">\n\t\t\t\t\t\t<div class=\"elementor-element elementor-element-7ced0f8 elementor-widget elementor-widget-solapa-google-maps\" data-id=\"7ced0f8\" data-element_type=\"widget\" data-widget_type=\"solapa-google-maps.default\">\n\t\t\t\t<div class=\"elementor-widget-container\">\n\t\t\t<div class=\"elementor-custom-embed\">\r\n\t<iframe src=\"https:\/\/maps.google.com\/maps?q=Rua%20Joaquim%20Silva%20Santos%20Rocha%20n%C2%BA%2017%2C%204460-340%20Senhora%20da%20Hora%2C%20Portugal&#038;t=m&#038;z=14&#038;output=embed&#038;iwloc=near\" title=\"Rua Joaquim Silva Santos Rocha n\u00ba 17, 4460-340 Senhora da Hora, Portugal\" aria-label=\"Rua Joaquim Silva Santos Rocha n\u00ba 17, 4460-340 Senhora da Hora, Portugal\"><\/iframe>\r\n<\/div>\t\t<\/div>\n\t\t\t\t<\/div>\n\t\t\t\t\t<\/div>\n\t\t<\/div>\n\t\t\t\t\t<\/div>\n\t\t<\/section>\n\t\t\t\t<\/div>\n\t\t","protected":false},"excerpt":{"rendered":"<p>Pergunte ou partilhe a sua mensagem connosco. Estamos aqui para o ajudar Temos \u00e0 sua disposi\u00e7\u00e3o o telefone, email, ou se preferir envie-nos uma mensagem. Endere\u00e7o Rua Joaquim Silva Santos Rocha, n\u00ba 17. 4460-340 Senhora da hora Telefone +351 229 545 504 +351 934 404 011 Email Address geral@nortegas.pt dep.comercial@nortegas.pt Envie-nos uma mensagem O seu [&hellip;]<\/p>\n","protected":false},"author":1,"featured_media":0,"parent":0,"menu_order":0,"comment_status":"closed","ping_status":"closed","template":"elementor_header_footer","meta":{"_monsterinsights_skip_tracking":false,"_monsterinsights_sitenote_active":false,"_monsterinsights_sitenote_note":"","_monsterinsights_sitenote_category":0,"footnotes":""},"class_list":["post-52","page","type-page","status-publish","hentry"],"aioseo_notices":[],"_links":{"self":[{"href":"https:\/\/nortegas.pt\/new\/wp-json\/wp\/v2\/pages\/52","targetHints":{"allow":["GET"]}}],"collection":[{"href":"https:\/\/nortegas.pt\/new\/wp-json\/wp\/v2\/pages"}],"about":[{"href":"https:\/\/nortegas.pt\/new\/wp-json\/wp\/v2\/types\/page"}],"author":[{"embeddable":true,"href":"https:\/\/nortegas.pt\/new\/wp-json\/wp\/v2\/users\/1"}],"replies":[{"embeddable":true,"href":"https:\/\/nortegas.pt\/new\/wp-json\/wp\/v2\/comments?post=52"}],"version-history":[{"count":26,"href":"https:\/\/nortegas.pt\/new\/wp-json\/wp\/v2\/pages\/52\/revisions"}],"predecessor-version":[{"id":1578,"href":"https:\/\/nortegas.pt\/new\/wp-json\/wp\/v2\/pages\/52\/revisions\/1578"}],"wp:attachment":[{"href":"https:\/\/nortegas.pt\/new\/wp-json\/wp\/v2\/media?parent=52"}],"curies":[{"name":"wp","href":"https:\/\/api.w.org\/{rel}","templated":true}]}}