{"id":44,"date":"2022-08-22T05:22:33","date_gmt":"2022-08-22T05:22:33","guid":{"rendered":"http:\/\/themazine.com\/mr\/solapawp\/?page_id=44"},"modified":"2023-05-23T09:40:59","modified_gmt":"2023-05-23T09:40:59","slug":"services","status":"publish","type":"page","link":"https:\/\/nortegas.pt\/new\/services\/","title":{"rendered":"Produtos  Servi\u00e7os"},"content":{"rendered":"\t\t<div data-elementor-type=\"wp-page\" data-elementor-id=\"44\" class=\"elementor elementor-44\">\n\t\t\t\t\t\t<section class=\"elementor-section elementor-top-section elementor-element elementor-element-4b31bc18 elementor-section-full_width style-two elementor-section-height-default elementor-section-height-default\" data-id=\"4b31bc18\" data-element_type=\"section\">\n\t\t\t\t\t\t<div class=\"elementor-container elementor-column-gap-no\">\n\t\t\t\t\t<div class=\"elementor-column elementor-col-100 elementor-top-column elementor-element elementor-element-9b0465e\" data-id=\"9b0465e\" data-element_type=\"column\">\n\t\t\t<div class=\"elementor-widget-wrap elementor-element-populated\">\n\t\t\t\t\t\t<div class=\"elementor-element elementor-element-61339772 elementor-widget elementor-widget-solapa-service\" data-id=\"61339772\" data-element_type=\"widget\" data-widget_type=\"solapa-service.default\">\n\t\t\t\t<div class=\"elementor-widget-container\">\n\t\t\t    <!-- Service Two -->\r\n    <section class=\"service-two\">\r\n        <div class=\"container\">\r\n\r\n            <!-- Section Title -->\r\n            <div class=\"section-title centered\">\r\n                                    <span class=\"section-title__tagline\">ASSIST\u00caNCIA T\u00c9CNICA E PRODUTOS\n<\/span>\r\n                \r\n                                    <h2 class=\"section-title__title\">O QUE FAZEMOS\n<\/h2>\r\n                                                    <div class=\"section-title__text\">Somos uma empresa familiar, focada no cliente. Estamos convictos que a prioridade dada ao cliente, \u00e9 a forma certa de chegar ao sucesso<\/div>\r\n                            <\/div>\r\n\r\n            <div class=\"row clearfix\">\r\n                                                            <!-- Service Two Single -->\r\n                        <div class=\"service-two__single col-lg-4 col-md-12 col-sm-12\">\r\n                            <div class=\"service-two__single-inner wow fadeInLeft\" data-wow-delay=\"0ms\" data-wow-duration=\"1500ms\">\r\n                                <span class=\"service-two__number\">01<\/span>\r\n                                <span aria-hidden=\"true\" class=\" service-two__icon  icon-solar-panel-2\"><\/span>                                <h3 class=\"service-two__title\"><a href=\"\">Energia Solar<\/a><\/h3>\r\n                                <div class=\"service-two__text\">Fornecemos e instalamos paineis fotovoltaicos, temos a solu\u00e7\u00e3o adequada \u00e1 sua habita\u00e7\u00e3o.<\/div>\r\n                                <a href=\"\" class=\"service-two__read-more\"><span class=\"service-two__read-arrow icon-right-arrow\"><\/span><\/a>\r\n                            <\/div>\r\n                        <\/div>\r\n                                            <!-- Service Two Single -->\r\n                        <div class=\"service-two__single col-lg-4 col-md-12 col-sm-12\">\r\n                            <div class=\"service-two__single-inner wow fadeInLeft\" data-wow-delay=\"0ms\" data-wow-duration=\"1500ms\">\r\n                                <span class=\"service-two__number\">02<\/span>\r\n                                <span aria-hidden=\"true\" class=\" service-two__icon  fas fa-hot-tub\"><\/span>                                <h3 class=\"service-two__title\"><a href=\"\">Piso Radiante<\/a><\/h3>\r\n                                <div class=\"service-two__text\">Fornecemos e instalamos Piso Radiante. Uma solu\u00e7\u00e3o de aquecimento amiga do ambiente.<\/div>\r\n                                <a href=\"\" class=\"service-two__read-more\"><span class=\"service-two__read-arrow icon-right-arrow\"><\/span><\/a>\r\n                            <\/div>\r\n                        <\/div>\r\n                                            <!-- Service Two Single -->\r\n                        <div class=\"service-two__single col-lg-4 col-md-12 col-sm-12\">\r\n                            <div class=\"service-two__single-inner wow fadeInLeft\" data-wow-delay=\"0ms\" data-wow-duration=\"1500ms\">\r\n                                <span class=\"service-two__number\">03<\/span>\r\n                                <span aria-hidden=\"true\" class=\" service-two__icon  fab fa-slack-hash\"><\/span>                                <h3 class=\"service-two__title\"><a href=\"\">Assist\u00eancia T\u00e9cnica<\/a><\/h3>\r\n                                <div class=\"service-two__text\">Dispomos de um servi\u00e7o de assist\u00eancia t\u00e9cnica para aparelhos de g\u00e1s, e outros eletrodom\u00e9sticos<\/div>\r\n                                <a href=\"\" class=\"service-two__read-more\"><span class=\"service-two__read-arrow icon-right-arrow\"><\/span><\/a>\r\n                            <\/div>\r\n                        <\/div>\r\n                                            <!-- Service Two Single -->\r\n                        <div class=\"service-two__single col-lg-4 col-md-12 col-sm-12\">\r\n                            <div class=\"service-two__single-inner wow fadeInLeft\" data-wow-delay=\"0ms\" data-wow-duration=\"1500ms\">\r\n                                <span class=\"service-two__number\">04<\/span>\r\n                                <span aria-hidden=\"true\" class=\" service-two__icon   icon-renewable-energy\"><\/span>                                <h3 class=\"service-two__title\"><a href=\"\">Bombas de Calor<\/a><\/h3>\r\n                                <div class=\"service-two__text\">Fornecemos e instalamos Bombas de Calor<\/div>\r\n                                <a href=\"\" class=\"service-two__read-more\"><span class=\"service-two__read-arrow icon-right-arrow\"><\/span><\/a>\r\n                            <\/div>\r\n                        <\/div>\r\n                                            <!-- Service Two Single -->\r\n                        <div class=\"service-two__single col-lg-4 col-md-12 col-sm-12\">\r\n                            <div class=\"service-two__single-inner wow fadeInLeft\" data-wow-delay=\"0ms\" data-wow-duration=\"1500ms\">\r\n                                <span class=\"service-two__number\">05<\/span>\r\n                                <span aria-hidden=\"true\" class=\" service-two__icon  fas fa-fire-alt\"><\/span>                                <h3 class=\"service-two__title\"><a href=\"\">Aparelhos a G\u00e1s<\/a><\/h3>\r\n                                <div class=\"service-two__text\">Fornecemos e instalamos caldeiras e esquentados a g\u00e1s.<\/div>\r\n                                <a href=\"\" class=\"service-two__read-more\"><span class=\"service-two__read-arrow icon-right-arrow\"><\/span><\/a>\r\n                            <\/div>\r\n                        <\/div>\r\n                                            <!-- Service Two Single -->\r\n                        <div class=\"service-two__single col-lg-4 col-md-12 col-sm-12\">\r\n                            <div class=\"service-two__single-inner wow fadeInLeft\" data-wow-delay=\"0ms\" data-wow-duration=\"1500ms\">\r\n                                <span class=\"service-two__number\">06<\/span>\r\n                                <span aria-hidden=\"true\" class=\" service-two__icon  fas fa-fire\"><\/span>                                <h3 class=\"service-two__title\"><a href=\"\">G\u00e1s Propano<\/a><\/h3>\r\n                                <div class=\"service-two__text\">Uma solu\u00e7\u00e3o segura e eficiente, para sua casa e para o seu neg\u00f3cio<\/div>\r\n                                <a href=\"\" class=\"service-two__read-more\"><span class=\"service-two__read-arrow icon-right-arrow\"><\/span><\/a>\r\n                            <\/div>\r\n                        <\/div>\r\n                                                <\/div>\r\n        <\/div>\r\n    <\/section>\r\n    <!-- End Service One -->\r\n\t\t<\/div>\n\t\t\t\t<\/div>\n\t\t\t\t\t<\/div>\n\t\t<\/div>\n\t\t\t\t\t<\/div>\n\t\t<\/section>\n\t\t\t\t<section class=\"elementor-section elementor-top-section elementor-element elementor-element-4caa14e7 elementor-section-full_width elementor-section-height-default elementor-section-height-default\" data-id=\"4caa14e7\" data-element_type=\"section\">\n\t\t\t\t\t\t<div class=\"elementor-container elementor-column-gap-no\">\n\t\t\t\t\t<div class=\"elementor-column elementor-col-100 elementor-top-column elementor-element elementor-element-5c5e697e\" data-id=\"5c5e697e\" data-element_type=\"column\">\n\t\t\t<div class=\"elementor-widget-wrap\">\n\t\t\t\t\t\t\t<\/div>\n\t\t<\/div>\n\t\t\t\t\t<\/div>\n\t\t<\/section>\n\t\t\t\t<\/div>\n\t\t","protected":false},"excerpt":{"rendered":"<p>ASSIST\u00caNCIA T\u00c9CNICA E PRODUTOS O QUE FAZEMOS Somos uma empresa familiar, focada no cliente. Estamos convictos que a prioridade dada ao cliente, \u00e9 a forma certa de chegar ao sucesso 01 Energia Solar Fornecemos e instalamos paineis fotovoltaicos, temos a solu\u00e7\u00e3o adequada \u00e1 sua habita\u00e7\u00e3o. 02 Piso Radiante Fornecemos e instalamos Piso Radiante. Uma solu\u00e7\u00e3o [&hellip;]<\/p>\n","protected":false},"author":1,"featured_media":0,"parent":0,"menu_order":0,"comment_status":"closed","ping_status":"closed","template":"elementor_header_footer","meta":{"_monsterinsights_skip_tracking":false,"_monsterinsights_sitenote_active":false,"_monsterinsights_sitenote_note":"","_monsterinsights_sitenote_category":0,"footnotes":""},"class_list":["post-44","page","type-page","status-publish","hentry"],"aioseo_notices":[],"_links":{"self":[{"href":"https:\/\/nortegas.pt\/new\/wp-json\/wp\/v2\/pages\/44","targetHints":{"allow":["GET"]}}],"collection":[{"href":"https:\/\/nortegas.pt\/new\/wp-json\/wp\/v2\/pages"}],"about":[{"href":"https:\/\/nortegas.pt\/new\/wp-json\/wp\/v2\/types\/page"}],"author":[{"embeddable":true,"href":"https:\/\/nortegas.pt\/new\/wp-json\/wp\/v2\/users\/1"}],"replies":[{"embeddable":true,"href":"https:\/\/nortegas.pt\/new\/wp-json\/wp\/v2\/comments?post=44"}],"version-history":[{"count":25,"href":"https:\/\/nortegas.pt\/new\/wp-json\/wp\/v2\/pages\/44\/revisions"}],"predecessor-version":[{"id":1592,"href":"https:\/\/nortegas.pt\/new\/wp-json\/wp\/v2\/pages\/44\/revisions\/1592"}],"wp:attachment":[{"href":"https:\/\/nortegas.pt\/new\/wp-json\/wp\/v2\/media?parent=44"}],"curies":[{"name":"wp","href":"https:\/\/api.w.org\/{rel}","templated":true}]}}