{"id":333,"date":"2022-08-23T06:17:10","date_gmt":"2022-08-23T06:17:10","guid":{"rendered":"http:\/\/themazine.com\/mr\/solapawp\/?page_id=333"},"modified":"2023-05-08T14:11:00","modified_gmt":"2023-05-08T14:11:00","slug":"faq-2","status":"publish","type":"page","link":"https:\/\/nortegas.pt\/new\/faq-2\/","title":{"rendered":"Seguran\u00e7a"},"content":{"rendered":"\t\t<div data-elementor-type=\"wp-page\" data-elementor-id=\"333\" class=\"elementor elementor-333\">\n\t\t\t\t\t\t<section class=\"elementor-section elementor-top-section elementor-element elementor-element-56bec9a elementor-section-boxed elementor-section-height-default elementor-section-height-default\" data-id=\"56bec9a\" data-element_type=\"section\">\n\t\t\t\t\t\t<div class=\"elementor-container elementor-column-gap-default\">\n\t\t\t\t\t<div class=\"elementor-column elementor-col-50 elementor-top-column elementor-element elementor-element-fb404c2\" data-id=\"fb404c2\" data-element_type=\"column\">\n\t\t\t<div class=\"elementor-widget-wrap elementor-element-populated\">\n\t\t\t\t\t\t<div class=\"elementor-element elementor-element-48d31c5 elementor-widget elementor-widget-solapa-faq\" data-id=\"48d31c5\" data-element_type=\"widget\" data-widget_type=\"solapa-faq.default\">\n\t\t\t\t<div class=\"elementor-widget-container\">\n\t\t\t\t<div class=\"column\">\r\n\t\t\t\t\t<h2 class=\"faq-two__title\">Seguran\u00e7a<\/h2>\r\n\t\t\t\t<ul class=\"faq-one__accordion\">\r\n\t\t\t\t\t\t\t<!-- Block -->\r\n\t\t\t\t<li class=\"faq-accordion__toggle faq-one__block active-block\">\r\n\t\t\t\t\t<div class=\"faq-one__acc-btn active\">V\u00e1lvulas <div class=\"faq-one__icon icon-add\"><\/div>\r\n\t\t\t\t\t\t<div class=\"faq-one__icon-two icon-remove\"><\/div>\r\n\t\t\t\t\t<\/div>\r\n\t\t\t\t\t<div class=\"faq-one-acc__content current\">\r\n\t\t\t\t\t\t<div class=\"faq-one__content\">\r\n\t\t\t\t\t\t\t<div class=\"faq-one__text\"><ul class=\"service-detail__list\">\n        <li>Feche as v\u00e1lvulas de seguran\u00e7a;<\/li>\n        <li>Feche as v\u00e1lvulas de corte.<\/li>\n    <\/ul>\n<\/div>\r\n\t\t\t\t\t\t<\/div>\r\n\t\t\t\t\t<\/div>\r\n\t\t\t\t<\/li>\r\n\t\t\t\t\t\t\t<!-- Block -->\r\n\t\t\t\t<li class=\"faq-accordion__toggle faq-one__block \">\r\n\t\t\t\t\t<div class=\"faq-one__acc-btn \">Fogo <div class=\"faq-one__icon icon-add\"><\/div>\r\n\t\t\t\t\t\t<div class=\"faq-one__icon-two icon-remove\"><\/div>\r\n\t\t\t\t\t<\/div>\r\n\t\t\t\t\t<div class=\"faq-one-acc__content \">\r\n\t\t\t\t\t\t<div class=\"faq-one__content\">\r\n\t\t\t\t\t\t\t<div class=\"faq-one__text\"><ul class=\"service-detail__list\">\n        <li>N\u00e3o fume, n\u00e3o fa\u00e7a lume e apague quaisquer chamas;<\/li>\n        <li>N\u00e3o provoque fa\u00edscas ou incandesc\u00eancia de qualquer material;<\/li>\n        <li>Nunca utilize chamas para detectar fugas de g\u00e1s<\/li>\n    <\/ul><\/div>\r\n\t\t\t\t\t\t<\/div>\r\n\t\t\t\t\t<\/div>\r\n\t\t\t\t<\/li>\r\n\t\t\t\t\t\t\t<!-- Block -->\r\n\t\t\t\t<li class=\"faq-accordion__toggle faq-one__block \">\r\n\t\t\t\t\t<div class=\"faq-one__acc-btn \">Electricidade <div class=\"faq-one__icon icon-add\"><\/div>\r\n\t\t\t\t\t\t<div class=\"faq-one__icon-two icon-remove\"><\/div>\r\n\t\t\t\t\t<\/div>\r\n\t\t\t\t\t<div class=\"faq-one-acc__content \">\r\n\t\t\t\t\t\t<div class=\"faq-one__content\">\r\n\t\t\t\t\t\t\t<div class=\"faq-one__text\"><ul class=\"service-detail__list\">\n        <li>N\u00e3o accione interruptores;<\/li>\n        <li>N\u00e3o ligue, nem desligue os aparelhos el\u00e9ctricos das tomadas.<\/li>\n    <\/ul><\/div>\r\n\t\t\t\t\t\t<\/div>\r\n\t\t\t\t\t<\/div>\r\n\t\t\t\t<\/li>\r\n\t\t\t\t\t\t\t<!-- Block -->\r\n\t\t\t\t<li class=\"faq-accordion__toggle faq-one__block \">\r\n\t\t\t\t\t<div class=\"faq-one__acc-btn \">Ventila\u00e7\u00e3o <div class=\"faq-one__icon icon-add\"><\/div>\r\n\t\t\t\t\t\t<div class=\"faq-one__icon-two icon-remove\"><\/div>\r\n\t\t\t\t\t<\/div>\r\n\t\t\t\t\t<div class=\"faq-one-acc__content \">\r\n\t\t\t\t\t\t<div class=\"faq-one__content\">\r\n\t\t\t\t\t\t\t<div class=\"faq-one__text\"><ul class=\"service-detail__list\">\n        <li>Ventile a zona, certifique-se que em caso de fuga de g\u00e1s, a zona est\u00e1 suficientemente arejada;<\/li>\n    <\/ul><\/div>\r\n\t\t\t\t\t\t<\/div>\r\n\t\t\t\t\t<\/div>\r\n\t\t\t\t<\/li>\r\n\t\t\t\t\t<\/ul>\r\n\r\n\t<\/div>\r\n\r\n\t\t<\/div>\n\t\t\t\t<\/div>\n\t\t\t\t\t<\/div>\n\t\t<\/div>\n\t\t\t\t<div class=\"elementor-column elementor-col-50 elementor-top-column elementor-element elementor-element-3871e14\" data-id=\"3871e14\" data-element_type=\"column\">\n\t\t\t<div class=\"elementor-widget-wrap elementor-element-populated\">\n\t\t\t\t\t\t<div class=\"elementor-element elementor-element-8ff4d2f elementor-widget elementor-widget-solapa-faq\" data-id=\"8ff4d2f\" data-element_type=\"widget\" data-widget_type=\"solapa-faq.default\">\n\t\t\t\t<div class=\"elementor-widget-container\">\n\t\t\t\t<div class=\"column\">\r\n\t\t\t\t\t<h2 class=\"faq-two__title\">Informa\u00e7\u00f5es \u00fateis<\/h2>\r\n\t\t\t\t<ul class=\"faq-one__accordion\">\r\n\t\t\t\t\t\t\t<!-- Block -->\r\n\t\t\t\t<li class=\"faq-accordion__toggle faq-one__block active-block\">\r\n\t\t\t\t\t<div class=\"faq-one__acc-btn active\">Aparelhos a G\u00e1s <div class=\"faq-one__icon icon-add\"><\/div>\r\n\t\t\t\t\t\t<div class=\"faq-one__icon-two icon-remove\"><\/div>\r\n\t\t\t\t\t<\/div>\r\n\t\t\t\t\t<div class=\"faq-one-acc__content current\">\r\n\t\t\t\t\t\t<div class=\"faq-one__content\">\r\n\t\t\t\t\t\t\t<div class=\"faq-one__text\"><ul class=\"service-detail__list\">\n        <li>Utilize apenas aparelhos aprovados;<\/li>\n        <li>Mantenha os equipamentos limpos e afinados segundo instru\u00e7\u00f5es do fabricante;<\/li>\n        <li>N\u00e3o utilize aparelhos em quartos e casas de banho, sem que estes sejam estanques.<\/li>\n    <\/ul>\n<\/div>\r\n\t\t\t\t\t\t<\/div>\r\n\t\t\t\t\t<\/div>\r\n\t\t\t\t<\/li>\r\n\t\t\t\t\t\t\t<!-- Block -->\r\n\t\t\t\t<li class=\"faq-accordion__toggle faq-one__block \">\r\n\t\t\t\t\t<div class=\"faq-one__acc-btn \">Inspe\u00e7\u00f5es Obrigat\u00f3rias <div class=\"faq-one__icon icon-add\"><\/div>\r\n\t\t\t\t\t\t<div class=\"faq-one__icon-two icon-remove\"><\/div>\r\n\t\t\t\t\t<\/div>\r\n\t\t\t\t\t<div class=\"faq-one-acc__content \">\r\n\t\t\t\t\t\t<div class=\"faq-one__content\">\r\n\t\t\t\t\t\t\t<div class=\"faq-one__text\"><ul class=\"service-detail__list\">\n        <li>3 em 3 anos, restaura\u00e7\u00e3o e estabelecimentos p\u00fablicos\/particulares com capacidade superior a 250 pessoas; e industria ou consumos superiores a 50 000m3 ano;<\/li>\n        <li>5 em 5 anos, para instala\u00e7\u00f5es executadas \u00e0 mais de 20 anos e que nao tenham sido alvo de remodela\u00e7\u00e3o.<\/li>\n    <\/ul>\n<\/div>\r\n\t\t\t\t\t\t<\/div>\r\n\t\t\t\t\t<\/div>\r\n\t\t\t\t<\/li>\r\n\t\t\t\t\t\t\t<!-- Block -->\r\n\t\t\t\t<li class=\"faq-accordion__toggle faq-one__block \">\r\n\t\t\t\t\t<div class=\"faq-one__acc-btn \">Materiais de Liga\u00e7\u00e3o para Aparelhos <div class=\"faq-one__icon icon-add\"><\/div>\r\n\t\t\t\t\t\t<div class=\"faq-one__icon-two icon-remove\"><\/div>\r\n\t\t\t\t\t<\/div>\r\n\t\t\t\t\t<div class=\"faq-one-acc__content \">\r\n\t\t\t\t\t\t<div class=\"faq-one__content\">\r\n\t\t\t\t\t\t\t<div class=\"faq-one__text\"><ul class=\"service-detail__list\">\n        <li>Substitua liga\u00e7\u00f5es dos aparelhos regularmente segundo a validade dos mesmos;<\/li>\n        <li>Tubos met\u00e1licos extens\u00edveis ou r\u00edgidos pr\u00f3prios para g\u00e1s: a utilizar nas placas e fornos de encastrar, bem como em esquentadores e caldeiras;<\/li>\n        <li>Tubos de borracha: a utilizar em fog\u00f5es e aparelhos de queima amov\u00edveis. Deve ser aprovado para o tipo de g\u00e1s a utilizar, conter a refer\u00eancia da norma portuguesa, a data limite de utiliza\u00e7\u00e3o e o nome do fabricante.<\/li>\n    <\/ul><\/div>\r\n\t\t\t\t\t\t<\/div>\r\n\t\t\t\t\t<\/div>\r\n\t\t\t\t<\/li>\r\n\t\t\t\t\t\t\t<!-- Block -->\r\n\t\t\t\t<li class=\"faq-accordion__toggle faq-one__block \">\r\n\t\t\t\t\t<div class=\"faq-one__acc-btn \">Habita\u00e7\u00e3o <div class=\"faq-one__icon icon-add\"><\/div>\r\n\t\t\t\t\t\t<div class=\"faq-one__icon-two icon-remove\"><\/div>\r\n\t\t\t\t\t<\/div>\r\n\t\t\t\t\t<div class=\"faq-one-acc__content \">\r\n\t\t\t\t\t\t<div class=\"faq-one__content\">\r\n\t\t\t\t\t\t\t<div class=\"faq-one__text\"><ul class=\"service-detail__list\">\n        <li>Nunca realize obras no pavimento ou nas paredes de sua casa, sem saber onde passam os tubos do g\u00e1s;<\/li>\n        <li>No caso de utilizar g\u00e1s de garrafa, estas devem estar em local bem ventilado e sempre na posi\u00e7\u00e3o vertical (nunca as deite);<\/li>\n        <li>Certifique-se que as instala\u00e7\u00f5es s\u00e3o realizadas por um t\u00e9cnico credenciado pela DGEG (Direc\u00e7\u00e3o Geral da Energia e Geologia) e que dever\u00e1 garantir o cumprimento da legisla\u00e7\u00e3o em vigor.<\/li>\n    <\/ul><\/div>\r\n\t\t\t\t\t\t<\/div>\r\n\t\t\t\t\t<\/div>\r\n\t\t\t\t<\/li>\r\n\t\t\t\t\t<\/ul>\r\n\r\n\t<\/div>\r\n\r\n\t\t<\/div>\n\t\t\t\t<\/div>\n\t\t\t\t\t<\/div>\n\t\t<\/div>\n\t\t\t\t\t<\/div>\n\t\t<\/section>\n\t\t\t\t<section class=\"elementor-section elementor-top-section elementor-element elementor-element-e1bd6a3 elementor-section-full_width elementor-section-height-default elementor-section-height-default\" data-id=\"e1bd6a3\" data-element_type=\"section\">\n\t\t\t\t\t\t<div class=\"elementor-container elementor-column-gap-no\">\n\t\t\t\t\t<div class=\"elementor-column elementor-col-100 elementor-top-column elementor-element elementor-element-920d8ca\" data-id=\"920d8ca\" data-element_type=\"column\">\n\t\t\t<div class=\"elementor-widget-wrap elementor-element-populated\">\n\t\t\t\t\t\t<div class=\"elementor-element elementor-element-9ed2532 elementor-widget elementor-widget-html\" data-id=\"9ed2532\" data-element_type=\"widget\" data-widget_type=\"html.default\">\n\t\t\t\t<div class=\"elementor-widget-container\">\n\t\t\t<div class=\"container\">\r\n    <div class=\"row\">\r\n<div class=\"text-center\">\r\n    <div class=\"faq-email\">Qualquer d\u00favida, n\u00e3o hesite em contactar a Norteg\u00e1s, por email ou telefone (+315 229 545 504) <a\r\n            href=\"mailto:geral@nortegas.pt\">geral@nortegas.pt<\/a>\r\n                       <\/div>\r\n<\/div>\r\n<\/div>\r\n<\/div>\t\t<\/div>\n\t\t\t\t<\/div>\n\t\t\t\t\t<\/div>\n\t\t<\/div>\n\t\t\t\t\t<\/div>\n\t\t<\/section>\n\t\t\t\t<\/div>\n\t\t","protected":false},"excerpt":{"rendered":"<p>Seguran\u00e7a V\u00e1lvulas Feche as v\u00e1lvulas de seguran\u00e7a; Feche as v\u00e1lvulas de corte. Fogo N\u00e3o fume, n\u00e3o fa\u00e7a lume e apague quaisquer chamas; N\u00e3o provoque fa\u00edscas ou incandesc\u00eancia de qualquer material; Nunca utilize chamas para detectar fugas de g\u00e1s Electricidade N\u00e3o accione interruptores; N\u00e3o ligue, nem desligue os aparelhos el\u00e9ctricos das tomadas. Ventila\u00e7\u00e3o Ventile a zona, [&hellip;]<\/p>\n","protected":false},"author":1,"featured_media":0,"parent":0,"menu_order":0,"comment_status":"closed","ping_status":"closed","template":"elementor_header_footer","meta":{"_monsterinsights_skip_tracking":false,"_monsterinsights_sitenote_active":false,"_monsterinsights_sitenote_note":"","_monsterinsights_sitenote_category":0,"footnotes":""},"class_list":["post-333","page","type-page","status-publish","hentry"],"aioseo_notices":[],"_links":{"self":[{"href":"https:\/\/nortegas.pt\/new\/wp-json\/wp\/v2\/pages\/333","targetHints":{"allow":["GET"]}}],"collection":[{"href":"https:\/\/nortegas.pt\/new\/wp-json\/wp\/v2\/pages"}],"about":[{"href":"https:\/\/nortegas.pt\/new\/wp-json\/wp\/v2\/types\/page"}],"author":[{"embeddable":true,"href":"https:\/\/nortegas.pt\/new\/wp-json\/wp\/v2\/users\/1"}],"replies":[{"embeddable":true,"href":"https:\/\/nortegas.pt\/new\/wp-json\/wp\/v2\/comments?post=333"}],"version-history":[{"count":44,"href":"https:\/\/nortegas.pt\/new\/wp-json\/wp\/v2\/pages\/333\/revisions"}],"predecessor-version":[{"id":1412,"href":"https:\/\/nortegas.pt\/new\/wp-json\/wp\/v2\/pages\/333\/revisions\/1412"}],"wp:attachment":[{"href":"https:\/\/nortegas.pt\/new\/wp-json\/wp\/v2\/media?parent=333"}],"curies":[{"name":"wp","href":"https:\/\/api.w.org\/{rel}","templated":true}]}}