{"id":1399,"date":"2023-05-08T13:57:27","date_gmt":"2023-05-08T13:57:27","guid":{"rendered":"https:\/\/nortegas.pt\/new\/?page_id=1399"},"modified":"2023-05-23T09:15:51","modified_gmt":"2023-05-23T09:15:51","slug":"gas-propano-particulares","status":"publish","type":"page","link":"https:\/\/nortegas.pt\/new\/gas-propano-particulares\/","title":{"rendered":"G\u00e1s Propano &#8211; Particulares"},"content":{"rendered":"\t\t<div data-elementor-type=\"wp-page\" data-elementor-id=\"1399\" class=\"elementor elementor-1399\">\n\t\t\t\t\t\t<section class=\"elementor-section elementor-top-section elementor-element elementor-element-1ff37b4 service-detail elementor-section-boxed elementor-section-height-default elementor-section-height-default\" data-id=\"1ff37b4\" data-element_type=\"section\">\n\t\t\t\t\t\t<div class=\"elementor-container elementor-column-gap-default\">\n\t\t\t\t\t<div class=\"elementor-column elementor-col-33 elementor-top-column elementor-element elementor-element-92f6f58\" data-id=\"92f6f58\" data-element_type=\"column\">\n\t\t\t<div class=\"elementor-widget-wrap elementor-element-populated\">\n\t\t\t\t\t\t<div class=\"elementor-element elementor-element-38ee0b1 elementor-widget elementor-widget-sidebar-call-to-action\" data-id=\"38ee0b1\" data-element_type=\"widget\" data-widget_type=\"sidebar-call-to-action.default\">\n\t\t\t\t<div class=\"elementor-widget-container\">\n\t\t\t    <!-- Service Detail Category -->\r\n    <div class=\"sidebar-widget service-details__contractor\">\r\n                    <div class=\"service-details__contractor-image\">\r\n                <img decoding=\"async\" src=\"https:\/\/nortegas.pt\/new\/wp-content\/uploads\/2023\/05\/stove-5580691_1280.jpg\" alt=\"\" \/>\r\n            <\/div>\r\n                <div class=\"service-details__contractor-content\" style=\"background-image: url(http:\/\/themazine.com\/mr\/solapawp\/wp-content\/uploads\/2022\/08\/shape-11.png)\">\r\n            <div aria-hidden=\"true\" class=\" service-details__contractor-icon  icon-phone-call\"><\/div>                            <h3 class=\"service-details__contractor-title\">Contacte-nos<\/h3>\r\n                                                    <a href=\"tel:+351229545504\" class=\"service-details__contractor-phone\">(+351) 229 545 504<\/a>\r\n                    <\/div>\r\n    <\/div>\r\n\t\t<\/div>\n\t\t\t\t<\/div>\n\t\t\t\t<div class=\"elementor-element elementor-element-326891d elementor-view-default elementor-position-top elementor-mobile-position-top elementor-widget elementor-widget-icon-box\" data-id=\"326891d\" data-element_type=\"widget\" data-widget_type=\"icon-box.default\">\n\t\t\t\t<div class=\"elementor-widget-container\">\n\t\t\t<link rel=\"stylesheet\" href=\"https:\/\/nortegas.pt\/new\/wp-content\/plugins\/elementor\/assets\/css\/widget-icon-box.min.css\">\t\t<div class=\"elementor-icon-box-wrapper\">\n\t\t\t\t\t\t<div class=\"elementor-icon-box-icon\">\n\t\t\t\t<span  class=\"elementor-icon elementor-animation-\">\n\t\t\t\t<i aria-hidden=\"true\" class=\"fab fa-free-code-camp\"><\/i>\t\t\t\t<\/span>\n\t\t\t<\/div>\n\t\t\t\t\t\t<div class=\"elementor-icon-box-content\">\n\t\t\t\t<h3 class=\"elementor-icon-box-title\">\n\t\t\t\t\t<span  >\n\t\t\t\t\t\tComo Aderir ao G\u00e1s Canalizado\t\t\t\t\t<\/span>\n\t\t\t\t<\/h3>\n\t\t\t\t\t\t\t\t\t<p class=\"elementor-icon-box-description\">\n\t\t\t\t\t\tPara aderir ao g\u00e1s canalizado da Norteg\u00e1s verifique se est\u00e1 numa Urbaniza\u00e7\u00e3o abastecida pela Norteg\u00e1s. Procure com os seus vizinhos qual o fornecedor de g\u00e1s, ou verifique os autocolantes com o simbolo da Norteg\u00e1s que normalmente se encontram junto dos contadores. \n<p><p>Caso seja uma urbaniza\u00e7\u00e3o Norteg\u00e1s, basta contactar a Norteg\u00e1s para o telefone +351 229 545 504 ou email geral@nortegas.pt\t\t\t\t\t<\/p>\n\t\t\t\t\t\t\t<\/div>\n\t\t<\/div>\n\t\t\t\t<\/div>\n\t\t\t\t<\/div>\n\t\t\t\t<div class=\"elementor-element elementor-element-d280f66 elementor-widget elementor-widget-spacer\" data-id=\"d280f66\" data-element_type=\"widget\" data-widget_type=\"spacer.default\">\n\t\t\t\t<div class=\"elementor-widget-container\">\n\t\t\t<style>\/*! elementor - v3.20.0 - 13-03-2024 *\/\n.elementor-column .elementor-spacer-inner{height:var(--spacer-size)}.e-con{--container-widget-width:100%}.e-con-inner>.elementor-widget-spacer,.e-con>.elementor-widget-spacer{width:var(--container-widget-width,var(--spacer-size));--align-self:var(--container-widget-align-self,initial);--flex-shrink:0}.e-con-inner>.elementor-widget-spacer>.elementor-widget-container,.e-con>.elementor-widget-spacer>.elementor-widget-container{height:100%;width:100%}.e-con-inner>.elementor-widget-spacer>.elementor-widget-container>.elementor-spacer,.e-con>.elementor-widget-spacer>.elementor-widget-container>.elementor-spacer{height:100%}.e-con-inner>.elementor-widget-spacer>.elementor-widget-container>.elementor-spacer>.elementor-spacer-inner,.e-con>.elementor-widget-spacer>.elementor-widget-container>.elementor-spacer>.elementor-spacer-inner{height:var(--container-widget-height,var(--spacer-size))}.e-con-inner>.elementor-widget-spacer.elementor-widget-empty,.e-con>.elementor-widget-spacer.elementor-widget-empty{position:relative;min-height:22px;min-width:22px}.e-con-inner>.elementor-widget-spacer.elementor-widget-empty .elementor-widget-empty-icon,.e-con>.elementor-widget-spacer.elementor-widget-empty .elementor-widget-empty-icon{position:absolute;top:0;bottom:0;left:0;right:0;margin:auto;padding:0;width:22px;height:22px}<\/style>\t\t<div class=\"elementor-spacer\">\n\t\t\t<div class=\"elementor-spacer-inner\"><\/div>\n\t\t<\/div>\n\t\t\t\t<\/div>\n\t\t\t\t<\/div>\n\t\t\t\t<div class=\"elementor-element elementor-element-db62425 elementor-widget elementor-widget-accordion\" data-id=\"db62425\" data-element_type=\"widget\" data-widget_type=\"accordion.default\">\n\t\t\t\t<div class=\"elementor-widget-container\">\n\t\t\t<style>\/*! elementor - v3.20.0 - 13-03-2024 *\/\n.elementor-accordion{text-align:left}.elementor-accordion .elementor-accordion-item{border:1px solid #d5d8dc}.elementor-accordion .elementor-accordion-item+.elementor-accordion-item{border-top:none}.elementor-accordion .elementor-tab-title{margin:0;padding:15px 20px;font-weight:700;line-height:1;cursor:pointer;outline:none}.elementor-accordion .elementor-tab-title .elementor-accordion-icon{display:inline-block;width:1.5em}.elementor-accordion .elementor-tab-title .elementor-accordion-icon svg{width:1em;height:1em}.elementor-accordion .elementor-tab-title .elementor-accordion-icon.elementor-accordion-icon-right{float:right;text-align:right}.elementor-accordion .elementor-tab-title .elementor-accordion-icon.elementor-accordion-icon-left{float:left;text-align:left}.elementor-accordion .elementor-tab-title .elementor-accordion-icon .elementor-accordion-icon-closed{display:block}.elementor-accordion .elementor-tab-title .elementor-accordion-icon .elementor-accordion-icon-opened,.elementor-accordion .elementor-tab-title.elementor-active .elementor-accordion-icon-closed{display:none}.elementor-accordion .elementor-tab-title.elementor-active .elementor-accordion-icon-opened{display:block}.elementor-accordion .elementor-tab-content{display:none;padding:15px 20px;border-top:1px solid #d5d8dc}@media (max-width:767px){.elementor-accordion .elementor-tab-title{padding:12px 15px}.elementor-accordion .elementor-tab-title .elementor-accordion-icon{width:1.2em}.elementor-accordion .elementor-tab-content{padding:7px 15px}}.e-con-inner>.elementor-widget-accordion,.e-con>.elementor-widget-accordion{width:var(--container-widget-width);--flex-grow:var(--container-widget-flex-grow)}<\/style>\t\t<div class=\"elementor-accordion\">\n\t\t\t\t\t\t\t<div class=\"elementor-accordion-item\">\n\t\t\t\t\t<div id=\"elementor-tab-title-2301\" class=\"elementor-tab-title\" data-tab=\"1\" role=\"button\" aria-controls=\"elementor-tab-content-2301\" aria-expanded=\"false\">\n\t\t\t\t\t\t\t\t\t\t\t\t\t<span class=\"elementor-accordion-icon elementor-accordion-icon-left\" aria-hidden=\"true\">\n\t\t\t\t\t\t\t\t\t\t\t\t\t\t\t<span class=\"elementor-accordion-icon-closed\"><i class=\"fas fa-plus\"><\/i><\/span>\n\t\t\t\t\t\t\t\t<span class=\"elementor-accordion-icon-opened\"><i class=\"fas fa-minus\"><\/i><\/span>\n\t\t\t\t\t\t\t\t\t\t\t\t\t\t<\/span>\n\t\t\t\t\t\t\t\t\t\t\t\t<a class=\"elementor-accordion-title\" tabindex=\"0\">Comunica\u00e7\u00e3o de Leituras<\/a>\n\t\t\t\t\t<\/div>\n\t\t\t\t\t<div id=\"elementor-tab-content-2301\" class=\"elementor-tab-content elementor-clearfix\" data-tab=\"1\" role=\"region\" aria-labelledby=\"elementor-tab-title-2301\"><p>A comunica\u00e7\u00e3o das leituras pode ser feita do dia 25 ao 28 de cada m\u00eas para o telefone +351 229 545 504 ou email geral@nortegas.pt, e bastando mensionar o n\u00ba de cliente. Na leitura do seu contador, considere apenas os algarismos que t\u00eam fundo preto ou branco, as casas decimais n\u00e3o s\u00e3o significativas. Sempre que a empresa efetuar uma leitura, prevalece a leitura da empresa. As leituras efetuadas pela empresa s\u00e3o realizadas habitualmente nos meses de Janeiro, Fevereiro, Abril, Junho, Agosto, Outubro e Dezembro. Nos outros meses ser\u00e1 feito a leitura por estimativa.<\/p><\/div>\n\t\t\t\t<\/div>\n\t\t\t\t\t\t\t<div class=\"elementor-accordion-item\">\n\t\t\t\t\t<div id=\"elementor-tab-title-2302\" class=\"elementor-tab-title\" data-tab=\"2\" role=\"button\" aria-controls=\"elementor-tab-content-2302\" aria-expanded=\"false\">\n\t\t\t\t\t\t\t\t\t\t\t\t\t<span class=\"elementor-accordion-icon elementor-accordion-icon-left\" aria-hidden=\"true\">\n\t\t\t\t\t\t\t\t\t\t\t\t\t\t\t<span class=\"elementor-accordion-icon-closed\"><i class=\"fas fa-plus\"><\/i><\/span>\n\t\t\t\t\t\t\t\t<span class=\"elementor-accordion-icon-opened\"><i class=\"fas fa-minus\"><\/i><\/span>\n\t\t\t\t\t\t\t\t\t\t\t\t\t\t<\/span>\n\t\t\t\t\t\t\t\t\t\t\t\t<a class=\"elementor-accordion-title\" tabindex=\"0\">Fatura\u00e7\u00e3o e ades\u00e3o ao d\u00e9bito direto<\/a>\n\t\t\t\t\t<\/div>\n\t\t\t\t\t<div id=\"elementor-tab-content-2302\" class=\"elementor-tab-content elementor-clearfix\" data-tab=\"2\" role=\"region\" aria-labelledby=\"elementor-tab-title-2302\"><p>A fatura\u00e7\u00e3o \u00e9 realizada mensalmente. Os m\u00e9todos de pagamento s\u00e3o multibanco e d\u00e9bito direto \u00e0 escolha do cliente. Na escolha por d\u00e9bito direto o cliente usufrui um desconto de 2,5% do valor de fatura\u00e7\u00e3o. Adira ao d\u00e9bito direto e poupe na sua fatura.<\/p><\/div>\n\t\t\t\t<\/div>\n\t\t\t\t\t\t\t<div class=\"elementor-accordion-item\">\n\t\t\t\t\t<div id=\"elementor-tab-title-2303\" class=\"elementor-tab-title\" data-tab=\"3\" role=\"button\" aria-controls=\"elementor-tab-content-2303\" aria-expanded=\"false\">\n\t\t\t\t\t\t\t\t\t\t\t\t\t<span class=\"elementor-accordion-icon elementor-accordion-icon-left\" aria-hidden=\"true\">\n\t\t\t\t\t\t\t\t\t\t\t\t\t\t\t<span class=\"elementor-accordion-icon-closed\"><i class=\"fas fa-plus\"><\/i><\/span>\n\t\t\t\t\t\t\t\t<span class=\"elementor-accordion-icon-opened\"><i class=\"fas fa-minus\"><\/i><\/span>\n\t\t\t\t\t\t\t\t\t\t\t\t\t\t<\/span>\n\t\t\t\t\t\t\t\t\t\t\t\t<a class=\"elementor-accordion-title\" tabindex=\"0\">Fatura eletr\u00f3nica<\/a>\n\t\t\t\t\t<\/div>\n\t\t\t\t\t<div id=\"elementor-tab-content-2303\" class=\"elementor-tab-content elementor-clearfix\" data-tab=\"3\" role=\"region\" aria-labelledby=\"elementor-tab-title-2303\"><p>A fatura pode ser enviada por correio ou por email. Adira \u00e0 fatura enviada por email e tenha um desconto de 2,5% na sua fatura mensal.<\/p><\/div>\n\t\t\t\t<\/div>\n\t\t\t\t\t\t\t\t<\/div>\n\t\t\t\t<\/div>\n\t\t\t\t<\/div>\n\t\t\t\t\t<\/div>\n\t\t<\/div>\n\t\t\t\t<div class=\"elementor-column elementor-col-66 elementor-top-column elementor-element elementor-element-5ee4289\" data-id=\"5ee4289\" data-element_type=\"column\">\n\t\t\t<div class=\"elementor-widget-wrap elementor-element-populated\">\n\t\t\t\t\t\t<div class=\"elementor-element elementor-element-a514eb9 elementor-widget elementor-widget-html\" data-id=\"a514eb9\" data-element_type=\"widget\" data-widget_type=\"html.default\">\n\t\t\t\t<div class=\"elementor-widget-container\">\n\t\t\t<h2 class=\"service-detail__title\">G\u00c1S PROPANO  CANALISADO<\/h2>\t\t<\/div>\n\t\t\t\t<\/div>\n\t\t\t\t<div class=\"elementor-element elementor-element-87f3bef elementor-widget elementor-widget-html\" data-id=\"87f3bef\" data-element_type=\"widget\" data-widget_type=\"html.default\">\n\t\t\t\t<div class=\"elementor-widget-container\">\n\t\t\t<div class=\"service-detail__text\">Solu\u00e7\u00f5es de redes de distribui\u00e7\u00e3o de g\u00e1s propano em urbaniza\u00e7\u00f5es, condom\u00ednios e moradias multifamiliares e edif\u00edcios colectivos, sendo a contagem dos consumos feita por contador individual.\r\n<\/p>\r\nNo g\u00e1s canalizado, o GPL \u00e9 armazenado em reservat\u00f3rios a\u00e9reos, enterrados ou em postos de garrafas.\r\n<\/p>\r\nA Norteg\u00e1s tem \u00e1 sua disposi\u00e7\u00e3o um servi\u00e7o de assist\u00eancia t\u00e9cnica e ainda um piquete de emerg\u00eancia 24\/7, 365 dias por ano (+351) 229 545 504 - (+351) 934 408 786 - (+351) 934 408 687\r\n<\/div>\t\t<\/div>\n\t\t\t\t<\/div>\n\t\t\t\t<div class=\"elementor-element elementor-element-77d48d8 elementor-widget elementor-widget-html\" data-id=\"77d48d8\" data-element_type=\"widget\" data-widget_type=\"html.default\">\n\t\t\t\t<div class=\"elementor-widget-container\">\n\t\t\t<h3 class=\"service-detail__title-two\">Energia limpa e segura<\/h3>\t\t<\/div>\n\t\t\t\t<\/div>\n\t\t\t\t<div class=\"elementor-element elementor-element-fae9da0 elementor-widget elementor-widget-html\" data-id=\"fae9da0\" data-element_type=\"widget\" data-widget_type=\"html.default\">\n\t\t\t\t<div class=\"elementor-widget-container\">\n\t\t\t<div class=\"service-detail__text-two\">As nossas solu\u00e7\u00f5es e pre\u00e7o s\u00e3o a <b>melhor solu\u00e7\u00e3o<\/b> para a sua casa. Tenha uma energia c\u00f3moda e usufrua de uma <b>energia segura, limpa e econ\u00f3mica.<\/b><\/div>\t\t<\/div>\n\t\t\t\t<\/div>\n\t\t\t\t<div class=\"elementor-element elementor-element-abdc25b elementor-widget elementor-widget-solapa-faq\" data-id=\"abdc25b\" data-element_type=\"widget\" data-widget_type=\"solapa-faq.default\">\n\t\t\t\t<div class=\"elementor-widget-container\">\n\t\t\t\t\t\t<h3 class=\"service-detail__accordian-title\">Vantagens para SI<\/h3>\r\n\t\t<div class=\"service-detail__accordian-box\">\r\n\r\n\t\t<ul class=\"service-detail__faq-accordion\">\r\n\t\t\t\t\t\t\t<!-- Block -->\r\n\t\t\t\t<li class=\"service-detail__faq-toggle active-block\">\r\n\t\t\t\t\t<div class=\"service-detail__acc-btn active\">Seguran\u00e7a <div class=\"service-detail__faq-icon fa fa-angle-down\"><\/div>\r\n\t\t\t\t\t<\/div>\r\n\t\t\t\t\t<div class=\"service-detail__faq-content current\">\r\n\t\t\t\t\t\t<div class=\"service-detail__faq-text\">\u00c9 seguro para com os utilizadores. O G\u00e1s Propano \u00e9 armazenado e utilizado em recipientes fechados, e todos os atos de transfer\u00eancia s\u00e3o assegurados por t\u00e9cnicos qualificados e experientes. Os seus dep\u00f3sitos s\u00e3o 20 vezes mais resistentes do que os tanques de combust\u00edveis convencionais. A Norteg\u00e1s disp\u00f5e de um piquete 24 horas sempre dispon\u00edvel. <\/div>\r\n\t\t\t\t\t<\/div>\r\n\t\t\t\t<\/li>\r\n\t\t\t\t\t\t\t<!-- Block -->\r\n\t\t\t\t<li class=\"service-detail__faq-toggle \">\r\n\t\t\t\t\t<div class=\"service-detail__acc-btn \">Economia <div class=\"service-detail__faq-icon fa fa-angle-down\"><\/div>\r\n\t\t\t\t\t<\/div>\r\n\t\t\t\t\t<div class=\"service-detail__faq-content \">\r\n\t\t\t\t\t\t<div class=\"service-detail__faq-text\">O G\u00e1s Propano tem um pre\u00e7o economicamente mais vantajoso uma vez que tem maior poder calor\u00edfico do que o g\u00e1s natural, permitindo assim a redu\u00e7\u00e3o de recursos e de manuten\u00e7\u00e3o. Gasta menos e faz mais. N\u00e3o aumente o seu consumo mensal. N\u00e3o precisa de converter os seus aparelhos. Ao mudar para g\u00e1s natural ter\u00e1 de realizar obras desnecess\u00e1rias. <\/div>\r\n\t\t\t\t\t<\/div>\r\n\t\t\t\t<\/li>\r\n\t\t\t\t\t\t\t<!-- Block -->\r\n\t\t\t\t<li class=\"service-detail__faq-toggle \">\r\n\t\t\t\t\t<div class=\"service-detail__acc-btn \">Ambiente <div class=\"service-detail__faq-icon fa fa-angle-down\"><\/div>\r\n\t\t\t\t\t<\/div>\r\n\t\t\t\t\t<div class=\"service-detail__faq-content \">\r\n\t\t\t\t\t\t<div class=\"service-detail__faq-text\">O G\u00e1s Propano \u00e9 amigo do ambiente. \u00c9 de queima limpa e eficiente, concorrendo com energias f\u00f3sseis e renov\u00e1veis na efici\u00eancia e nas emiss\u00f5es de gases com efeito de estufa, oferecendo vantagens adicionais de qualidade do ar. N\u00e3o cont\u00e9m enxofre nem impurezas e a sua combust\u00e3o n\u00e3o produz cinzas nem cheiros desagrad\u00e1veis. <\/div>\r\n\t\t\t\t\t<\/div>\r\n\t\t\t\t<\/li>\r\n\t\t\t\t\t<\/ul>\r\n\r\n\t<\/div>\r\n\r\n\t\t<\/div>\n\t\t\t\t<\/div>\n\t\t\t\t<section class=\"elementor-section elementor-inner-section elementor-element elementor-element-0ae715e elementor-section-full_width elementor-section-height-default elementor-section-height-default\" data-id=\"0ae715e\" data-element_type=\"section\">\n\t\t\t\t\t\t<div class=\"elementor-container elementor-column-gap-no\">\n\t\t\t\t\t<div class=\"elementor-column elementor-col-50 elementor-inner-column elementor-element elementor-element-875464d\" data-id=\"875464d\" data-element_type=\"column\">\n\t\t\t<div class=\"elementor-widget-wrap elementor-element-populated\">\n\t\t\t\t\t\t<div class=\"elementor-element elementor-element-71a0eeb service-detail__image elementor-widget elementor-widget-image\" data-id=\"71a0eeb\" data-element_type=\"widget\" data-widget_type=\"image.default\">\n\t\t\t\t<div class=\"elementor-widget-container\">\n\t\t\t<style>\/*! elementor - v3.20.0 - 13-03-2024 *\/\n.elementor-widget-image{text-align:center}.elementor-widget-image a{display:inline-block}.elementor-widget-image a img[src$=\".svg\"]{width:48px}.elementor-widget-image img{vertical-align:middle;display:inline-block}<\/style>\t\t\t\t\t\t\t\t\t\t<img decoding=\"async\" src=\"https:\/\/nortegas.pt\/new\/wp-content\/uploads\/elementor\/thumbs\/stove-5580691_1280-q6cxaij0530kwx778i4v10ph87qm4cm4vuf6nyq1zy.jpg\" title=\"stove-5580691_1280\" alt=\"stove-5580691_1280\" loading=\"lazy\" \/>\t\t\t\t\t\t\t\t\t\t\t\t\t<\/div>\n\t\t\t\t<\/div>\n\t\t\t\t\t<\/div>\n\t\t<\/div>\n\t\t\t\t<div class=\"elementor-column elementor-col-50 elementor-inner-column elementor-element elementor-element-2404f0c\" data-id=\"2404f0c\" data-element_type=\"column\">\n\t\t\t<div class=\"elementor-widget-wrap elementor-element-populated\">\n\t\t\t\t\t\t<div class=\"elementor-element elementor-element-a36c063 elementor-widget elementor-widget-html\" data-id=\"a36c063\" data-element_type=\"widget\" data-widget_type=\"html.default\">\n\t\t\t\t<div class=\"elementor-widget-container\">\n\t\t\t<div class=\"service-provide\">\r\n    <h3 class=\"service-detail__title-three\">Servi\u00e7os que realizamos na \u00e1rea do G\u00e1s Propano\/Natural<\/h3>\r\n    <div class=\"service-detail__text-three\">A Norteg\u00e1s tem \u00e0 sua disposi\u00e7\u00e3o uma equipa especializada e certificada para execu\u00e7\u00e3o de servi\u00e7os da \u00e1rea de G\u00e1s\r\n    <\/div>\r\n    <ul class=\"service-detail__list\">\r\n        <li>Solu\u00e7\u00f5es de G\u00e1s Canalizado (reservat\u00f3rios)<\/li>\r\n        <li>Execu\u00e7\u00e3o\/Altera\u00e7\u00e3o de redes de G\u00e1s<\/li>\r\n        <li>Distribui\u00e7\u00e3o e Comercializa\u00e3o de G\u00e1s Propano<\/li>\r\n        <li>Verifica\u00e7\u00e3o de Instala\u00e7\u00e3o<\/li>\r\n        <li>Fornecimento e Instala\u00e7\u00e3o de Caldeiras ou Esquentadores<\/li>\r\n    <\/ul>\r\n<\/div>\t\t<\/div>\n\t\t\t\t<\/div>\n\t\t\t\t\t<\/div>\n\t\t<\/div>\n\t\t\t\t\t<\/div>\n\t\t<\/section>\n\t\t\t\t\t<\/div>\n\t\t<\/div>\n\t\t\t\t\t<\/div>\n\t\t<\/section>\n\t\t\t\t<\/div>\n\t\t","protected":false},"excerpt":{"rendered":"<p>Contacte-nos (+351) 229 545 504 Como Aderir ao G\u00e1s Canalizado Para aderir ao g\u00e1s canalizado da Norteg\u00e1s verifique se est\u00e1 numa Urbaniza\u00e7\u00e3o abastecida pela Norteg\u00e1s. Procure com os seus vizinhos qual o fornecedor de g\u00e1s, ou verifique os autocolantes com o simbolo da Norteg\u00e1s que normalmente se encontram junto dos contadores. Caso seja uma urbaniza\u00e7\u00e3o [&hellip;]<\/p>\n","protected":false},"author":1,"featured_media":0,"parent":0,"menu_order":0,"comment_status":"closed","ping_status":"closed","template":"elementor_header_footer","meta":{"_monsterinsights_skip_tracking":false,"_monsterinsights_sitenote_active":false,"_monsterinsights_sitenote_note":"","_monsterinsights_sitenote_category":0,"footnotes":""},"class_list":["post-1399","page","type-page","status-publish","hentry"],"aioseo_notices":[],"_links":{"self":[{"href":"https:\/\/nortegas.pt\/new\/wp-json\/wp\/v2\/pages\/1399","targetHints":{"allow":["GET"]}}],"collection":[{"href":"https:\/\/nortegas.pt\/new\/wp-json\/wp\/v2\/pages"}],"about":[{"href":"https:\/\/nortegas.pt\/new\/wp-json\/wp\/v2\/types\/page"}],"author":[{"embeddable":true,"href":"https:\/\/nortegas.pt\/new\/wp-json\/wp\/v2\/users\/1"}],"replies":[{"embeddable":true,"href":"https:\/\/nortegas.pt\/new\/wp-json\/wp\/v2\/comments?post=1399"}],"version-history":[{"count":5,"href":"https:\/\/nortegas.pt\/new\/wp-json\/wp\/v2\/pages\/1399\/revisions"}],"predecessor-version":[{"id":1577,"href":"https:\/\/nortegas.pt\/new\/wp-json\/wp\/v2\/pages\/1399\/revisions\/1577"}],"wp:attachment":[{"href":"https:\/\/nortegas.pt\/new\/wp-json\/wp\/v2\/media?parent=1399"}],"curies":[{"name":"wp","href":"https:\/\/api.w.org\/{rel}","templated":true}]}}