{"id":1235,"date":"2023-03-10T16:10:26","date_gmt":"2023-03-10T16:10:26","guid":{"rendered":"https:\/\/nortegas.pt\/new\/?page_id=1235"},"modified":"2023-05-23T09:57:25","modified_gmt":"2023-05-23T09:57:25","slug":"gpl","status":"publish","type":"page","link":"https:\/\/nortegas.pt\/new\/gpl\/","title":{"rendered":"Redes de G\u00e1s"},"content":{"rendered":"\t\t<div data-elementor-type=\"wp-page\" data-elementor-id=\"1235\" class=\"elementor elementor-1235\">\n\t\t\t\t\t\t<section class=\"elementor-section elementor-top-section elementor-element elementor-element-1ff37b4 service-detail elementor-section-boxed elementor-section-height-default elementor-section-height-default\" data-id=\"1ff37b4\" data-element_type=\"section\">\n\t\t\t\t\t\t<div class=\"elementor-container elementor-column-gap-default\">\n\t\t\t\t\t<div class=\"elementor-column elementor-col-33 elementor-top-column elementor-element elementor-element-92f6f58\" data-id=\"92f6f58\" data-element_type=\"column\">\n\t\t\t<div class=\"elementor-widget-wrap elementor-element-populated\">\n\t\t\t\t\t\t<div class=\"elementor-element elementor-element-38ee0b1 elementor-widget elementor-widget-sidebar-call-to-action\" data-id=\"38ee0b1\" data-element_type=\"widget\" data-widget_type=\"sidebar-call-to-action.default\">\n\t\t\t\t<div class=\"elementor-widget-container\">\n\t\t\t    <!-- Service Detail Category -->\r\n    <div class=\"sidebar-widget service-details__contractor\">\r\n                    <div class=\"service-details__contractor-image\">\r\n                <img decoding=\"async\" src=\"https:\/\/nortegas.pt\/new\/wp-content\/uploads\/2023\/03\/2021052501.jpg\" alt=\"\" \/>\r\n            <\/div>\r\n                <div class=\"service-details__contractor-content\" style=\"background-image: url(http:\/\/themazine.com\/mr\/solapawp\/wp-content\/uploads\/2022\/08\/shape-11.png)\">\r\n            <div aria-hidden=\"true\" class=\" service-details__contractor-icon  icon-phone-call\"><\/div>                            <h3 class=\"service-details__contractor-title\">Contacte-nos<\/h3>\r\n                                                    <a href=\"tel:+351229545504\" class=\"service-details__contractor-phone\">(+351) 229 545 504<\/a>\r\n                    <\/div>\r\n    <\/div>\r\n\t\t<\/div>\n\t\t\t\t<\/div>\n\t\t\t\t\t<\/div>\n\t\t<\/div>\n\t\t\t\t<div class=\"elementor-column elementor-col-66 elementor-top-column elementor-element elementor-element-5ee4289\" data-id=\"5ee4289\" data-element_type=\"column\">\n\t\t\t<div class=\"elementor-widget-wrap elementor-element-populated\">\n\t\t\t\t\t\t<div class=\"elementor-element elementor-element-a514eb9 elementor-widget elementor-widget-html\" data-id=\"a514eb9\" data-element_type=\"widget\" data-widget_type=\"html.default\">\n\t\t\t\t<div class=\"elementor-widget-container\">\n\t\t\t<h2 class=\"service-detail__title\">REDES DE G\u00c1S NATURAL\/PROPANO<\/h2>\t\t<\/div>\n\t\t\t\t<\/div>\n\t\t\t\t<div class=\"elementor-element elementor-element-87f3bef elementor-widget elementor-widget-html\" data-id=\"87f3bef\" data-element_type=\"widget\" data-widget_type=\"html.default\">\n\t\t\t\t<div class=\"elementor-widget-container\">\n\t\t\t<div class=\"service-detail__text\">A Norteg\u00e1s, \u00e9 uma empresa autorizada pela Dire\u00e7\u00e3o Geral da Energia e Geologia como Entidade Instaladora 556\/EI Tipo A+B.\r\n<\/p>\r\nO nosso quadro t\u00e9cnico \u00e9 constituido por T\u00e9cnicos de G\u00e1s, Instaladores de redes e ramais de distribui\u00e7ao de g\u00e1s,  suportados por Engenheiro T\u00e9cnico\r\n<\/p>\r\nA Norteg\u00e1s tem o Alvar\u00e1 de obras p\u00fablicas 55676-PUB, passado pelo IMPIC, e obras particulares 106059 - PAR.\r\n<\/div>\t\t<\/div>\n\t\t\t\t<\/div>\n\t\t\t\t<section class=\"elementor-section elementor-inner-section elementor-element elementor-element-0ae715e elementor-section-full_width elementor-section-height-default elementor-section-height-default\" data-id=\"0ae715e\" data-element_type=\"section\">\n\t\t\t\t\t\t<div class=\"elementor-container elementor-column-gap-no\">\n\t\t\t\t\t<div class=\"elementor-column elementor-col-50 elementor-inner-column elementor-element elementor-element-875464d\" data-id=\"875464d\" data-element_type=\"column\">\n\t\t\t<div class=\"elementor-widget-wrap elementor-element-populated\">\n\t\t\t\t\t\t<div class=\"elementor-element elementor-element-71a0eeb service-detail__image elementor-widget elementor-widget-image\" data-id=\"71a0eeb\" data-element_type=\"widget\" data-widget_type=\"image.default\">\n\t\t\t\t<div class=\"elementor-widget-container\">\n\t\t\t<style>\/*! elementor - v3.20.0 - 13-03-2024 *\/\n.elementor-widget-image{text-align:center}.elementor-widget-image a{display:inline-block}.elementor-widget-image a img[src$=\".svg\"]{width:48px}.elementor-widget-image img{vertical-align:middle;display:inline-block}<\/style>\t\t\t\t\t\t\t\t\t\t<img decoding=\"async\" src=\"https:\/\/nortegas.pt\/new\/wp-content\/uploads\/elementor\/thumbs\/stove-5580691_1280-q6cxaij0530kwx778i4v10ph87qm4cm4vuf6nyq1zy.jpg\" title=\"stove-5580691_1280\" alt=\"stove-5580691_1280\" loading=\"lazy\" \/>\t\t\t\t\t\t\t\t\t\t\t\t\t<\/div>\n\t\t\t\t<\/div>\n\t\t\t\t\t<\/div>\n\t\t<\/div>\n\t\t\t\t<div class=\"elementor-column elementor-col-50 elementor-inner-column elementor-element elementor-element-2404f0c\" data-id=\"2404f0c\" data-element_type=\"column\">\n\t\t\t<div class=\"elementor-widget-wrap elementor-element-populated\">\n\t\t\t\t\t\t<div class=\"elementor-element elementor-element-a36c063 elementor-widget elementor-widget-html\" data-id=\"a36c063\" data-element_type=\"widget\" data-widget_type=\"html.default\">\n\t\t\t\t<div class=\"elementor-widget-container\">\n\t\t\t<div class=\"service-provide\">\r\n    <h3 class=\"service-detail__title-three\">Servi\u00e7os que realizamos em redes de g\u00e1s<\/h3>\r\n    <div class=\"service-detail__text-three\">A Norteg\u00e1s tem \u00e0 sua disposi\u00e7\u00e3o uma equipa especializada e certificada para execu\u00e7\u00e3o de servi\u00e7os da \u00e1rea de G\u00e1s\r\n    <\/div>\r\n    <ul class=\"service-detail__list\">\r\n        <li>Redes e ramais de g\u00e1s<\/li>\r\n        <li>Execu\u00e7\u00e3o\/Altera\u00e7\u00e3o de redes de g\u00e1s<\/li>        \r\n        <li>Repara\u00e7\u00e3o de redes de g\u00e1s<\/li>        \r\n\r\n        <li>Verifica\u00e7\u00e3o de Instala\u00e7\u00e3o<\/li>\r\n    <\/ul>\r\n<\/div>\t\t<\/div>\n\t\t\t\t<\/div>\n\t\t\t\t\t<\/div>\n\t\t<\/div>\n\t\t\t\t\t<\/div>\n\t\t<\/section>\n\t\t\t\t\t<\/div>\n\t\t<\/div>\n\t\t\t\t\t<\/div>\n\t\t<\/section>\n\t\t\t\t<\/div>\n\t\t","protected":false},"excerpt":{"rendered":"<p>Contacte-nos (+351) 229 545 504 REDES DE G\u00c1S NATURAL\/PROPANO A Norteg\u00e1s, \u00e9 uma empresa autorizada pela Dire\u00e7\u00e3o Geral da Energia e Geologia como Entidade Instaladora 556\/EI Tipo A+B. O nosso quadro t\u00e9cnico \u00e9 constituido por T\u00e9cnicos de G\u00e1s, Instaladores de redes e ramais de distribui\u00e7ao de g\u00e1s, suportados por Engenheiro T\u00e9cnico A Norteg\u00e1s tem o [&hellip;]<\/p>\n","protected":false},"author":1,"featured_media":0,"parent":0,"menu_order":0,"comment_status":"closed","ping_status":"closed","template":"elementor_header_footer","meta":{"_monsterinsights_skip_tracking":false,"_monsterinsights_sitenote_active":false,"_monsterinsights_sitenote_note":"","_monsterinsights_sitenote_category":0,"footnotes":""},"class_list":["post-1235","page","type-page","status-publish","hentry"],"aioseo_notices":[],"_links":{"self":[{"href":"https:\/\/nortegas.pt\/new\/wp-json\/wp\/v2\/pages\/1235","targetHints":{"allow":["GET"]}}],"collection":[{"href":"https:\/\/nortegas.pt\/new\/wp-json\/wp\/v2\/pages"}],"about":[{"href":"https:\/\/nortegas.pt\/new\/wp-json\/wp\/v2\/types\/page"}],"author":[{"embeddable":true,"href":"https:\/\/nortegas.pt\/new\/wp-json\/wp\/v2\/users\/1"}],"replies":[{"embeddable":true,"href":"https:\/\/nortegas.pt\/new\/wp-json\/wp\/v2\/comments?post=1235"}],"version-history":[{"count":71,"href":"https:\/\/nortegas.pt\/new\/wp-json\/wp\/v2\/pages\/1235\/revisions"}],"predecessor-version":[{"id":1595,"href":"https:\/\/nortegas.pt\/new\/wp-json\/wp\/v2\/pages\/1235\/revisions\/1595"}],"wp:attachment":[{"href":"https:\/\/nortegas.pt\/new\/wp-json\/wp\/v2\/media?parent=1235"}],"curies":[{"name":"wp","href":"https:\/\/api.w.org\/{rel}","templated":true}]}}